{"id":1849,"date":"2023-06-30T09:57:45","date_gmt":"2023-06-30T09:57:45","guid":{"rendered":"http:\/\/bonvivant-suisse.ch.loopiadns.com\/?page_id=1849"},"modified":"2023-06-30T10:20:59","modified_gmt":"2023-06-30T10:20:59","slug":"agb","status":"publish","type":"page","link":"https:\/\/bonvivant-suisse.ch\/?page_id=1849","title":{"rendered":"AGB"},"content":{"rendered":"[vc_row type=&#187;in_container&#187; full_screen_row_position=&#187;middle&#187; column_margin=&#187;default&#187; column_direction=&#187;default&#187; column_direction_tablet=&#187;default&#187; column_direction_phone=&#187;default&#187; scene_position=&#187;center&#187; text_color=&#187;dark&#187; text_align=&#187;left&#187; row_border_radius=&#187;none&#187; row_border_radius_applies=&#187;bg&#187; overflow=&#187;visible&#187; overlay_strength=&#187;0.3&#8243; gradient_direction=&#187;left_to_right&#187; shape_divider_position=&#187;bottom&#187; bg_image_animation=&#187;none&#187;][vc_column column_padding=&#187;padding-5-percent&#187; column_padding_tablet=&#187;inherit&#187; column_padding_phone=&#187;inherit&#187; column_padding_position=&#187;all&#187; column_element_direction_desktop=&#187;default&#187; column_element_spacing=&#187;default&#187; desktop_text_alignment=&#187;default&#187; tablet_text_alignment=&#187;default&#187; phone_text_alignment=&#187;default&#187; background_color_opacity=&#187;1&#8243; background_hover_color_opacity=&#187;1&#8243; column_backdrop_filter=&#187;none&#187; column_shadow=&#187;none&#187; column_border_radius=&#187;none&#187; column_link_target=&#187;_self&#187; column_position=&#187;default&#187; gradient_direction=&#187;left_to_right&#187; overlay_strength=&#187;0.3&#8243; width=&#187;1\/1&#8243; tablet_width_inherit=&#187;default&#187; animation_type=&#187;default&#187; bg_image_animation=&#187;none&#187; border_type=&#187;simple&#187; column_border_width=&#187;none&#187; column_border_style=&#187;solid&#187; column_padding_type=&#187;default&#187; gradient_type=&#187;default&#187;][vc_custom_heading text=&#187;AGB&#187; font_container=&#187;tag:h1|text_align:left&#187; use_theme_fonts=&#187;yes&#187;][divider line_type=&#187;Small Line&#187; line_alignment=&#187;default&#187; line_thickness=&#187;2&#8243; divider_color=&#187;black&#187; animate=&#187;yes&#187; custom_height=&#187;20&#8243; custom_line_width=&#187;60&#8243;][vc_column_text]\n<h4 class=\"wp-block-heading\">ALLGEMEINE GESCH\u00c4FTSBEDINGUNGEN DER FIRMA BON VIVANT SUISSE GmbH<\/h4>\n<p>Industriestrasse 6, 9220 Bischofszell Schweiz<br \/>\nTelefon: +41 75 550 50 50<br \/>\nE-Mail: hello@bonvivant-suisse.ch<\/p>\n<p><strong>Registereintrag&nbsp;<\/strong><br \/>\nEintragung im Handelsregister<br \/>\nRegistergericht:&nbsp;Handelsregisteramt des Kantons Z\u00fcrich<\/p>\n<p><strong>UID&nbsp;<br \/>\n<\/strong>CHE-302.309.935<\/p>\n<p><strong>MWSt.-Nummer<br \/>\n<\/strong>CHE-302.309.935 MWST<\/p>\n<p>Die nachfolgenden Gesch\u00e4ftsbedingungen sind in deutscher Sprache verfasst und k\u00f6nnen von dem Kunden in seinen Arbeitsspeicher geladen werden. Auf Wunsch k\u00f6nnen sie unter www.bonvivant-suisse.ch unter der E-Mail-Adresse hello@bonvivant.ch in digitaler oder schriftlicher Form angefordert werden. Sie werden dem Kunden zus\u00e4tzlich mit jeder Einkaufsbest\u00e4tigung als PDF-Datei \u00fcbermittelt.<\/p>\n<p><br \/>\n<\/p>\n<h4 class=\"wp-block-heading\">PR\u00c4AMBEL<\/h4>\n<p>Bon Vivant betreibt zu gewerblichen Zwecken unter der Domain www.bonvivant-suisse.ch eine Homepage. Bon Vivant bietet Kunden auf dieser Website Raumd\u00fcfte, zum Kauf \u00fcber das Internet an.<\/p>\n<p><br \/>\n<\/p>\n<h4 class=\"wp-block-heading\">1. PRODUKTAUSWAHL<\/h4>\n<p>(1) Der Kunde hat die M\u00f6glichkeit, auf der oben genannten Website Produkte auszuw\u00e4hlen und zu bestellen. (2) Hinsichtlich jedes Produkts erh\u00e4lt der Kunde eine gesonderte Produktbeschreibung auf der jeweiligen Website. (3) Der Kunde kann die von ihm gew\u00fcnschten Produkte auf der Website anklicken. Diese werden in einem virtuellen Warenkorb gesammelt und der Kunde erh\u00e4lt zum Ende seines Einkaufs eine Zusammenstellung der Produkte zum Gesamtendpreis inklusive Mehrwertsteuer und Versandkosten. (4) Vor Versendung der Bestellung erm\u00f6glicht Bon Vivant dem Kunden, die Bestellung auf ihre inhaltliche Richtigkeit, insbesondere auf Preis und Menge, zu \u00fcberpr\u00fcfen und gegebenenfalls zu korrigieren.<\/p>\n<p><br \/>\n<\/p>\n<h4 class=\"wp-block-heading\">2. WIDERRUF (NUR F\u00dcR KUNDEN, DIE VERBRAUCHER SIND)<\/h4>\n<p>*** Widerrufsbelehrung ***<\/p>\n<p>WIDERRUFSRECHT<\/p>\n<p>Sie haben das Recht, binnen zehn Tagen ohne Angabe von Gr\u00fcnden diesen Vertrag zu widerrufen. Die Widerrufsfrist betr\u00e4gt zehn Tage ab dem Tag, an dem Sie oder ein von Ihnen benannter Dritter, der nicht der Bef\u00f6rderer ist, die Waren in Besitz genommen haben bzw. hat.<br \/>\nUm Ihr Widerrufsrecht auszu\u00fcben, m\u00fcssen Sie uns mittels einer eindeutigen Erkl\u00e4rung( z. B. ein mit der Post versandter Brief, Telefax oder E-Mail) \u00fcber Ihren Entschluss, diesen Vertrag zu widerrufen, informieren.<\/p>\n<p>Zur Wahrung der Widerrufsfrist reicht es aus, dass Sie die Mitteilung \u00fcber die Aus\u00fcbung des Widerrufsrechts vor Ablauf der Widerrufsfrist absenden.<\/p>\n<p>FOLGEN DES WIDERRUFS<\/p>\n<p>Wenn Sie diesen Vertrag widerrufen, haben wir Ihnen alle Zahlungen, die wir von Ihnen erhalten haben, einschlie\u00dflich der Lieferkosten (mit Ausnahme der zus\u00e4tzlichen Kosten, die sich daraus ergeben, dass Sie eine andere Art der Lieferung als die von uns angebotene, g\u00fcnstigste Standardlieferung gew\u00e4hlt haben), unverz\u00fcglich und sp\u00e4testens binnen vierzehn Tagen ab dem Tag zur\u00fcckzuzahlen, an dem die Mitteilung \u00fcber Ihren Widerruf dieses Vertrags bei uns eingegangen ist. F\u00fcr diese R\u00fcckzahlung verwenden wir dasselbe Zahlungsmittel, das Sie bei der urspr\u00fcnglichen Transaktion eingesetzt haben, es sei denn, mit Ihnen wurde ausdr\u00fccklich etwas anderes vereinbart; in keinem Fall werden Ihnen wegen dieser R\u00fcckzahlung Entgelte berechnet Wir k\u00f6nnen die R\u00fcckzahlung verweigern, bis wir die Waren wieder zur\u00fcckerhalten haben oder bis Sie den Nachweis erbracht haben, dass Sie die Waren zur\u00fcckgesandt haben, je nachdem, welches der fr\u00fchere Zeitpunkt ist.<\/p>\n<p>Sie haben die Waren unverz\u00fcglich und in jedem Fall sp\u00e4testens binnen vierzehn Tagen ab dem Tag, an dem Sie uns \u00fcber den Widerruf dieses Vertrags unterrichten, an uns zur\u00fcckzusenden oder zu \u00fcbergeben. Die Frist ist gewahrt, wenn Sie die Waren vor Ablauf der Frist von vierzehn Tagen absenden.<br \/>\nWir tragen die Kosten der R\u00fccksendung der Waren nicht.<\/p>\n<p>Sie m\u00fcssen f\u00fcr einen etwaigen Wertverlust der Waren nur aufkommen, wenn dieser Wertverlust auf einen zur Pr\u00fcfung der Beschaffenheit, Eigenschaften und Funktionsweise der Waren nicht notwendigen Umgang mit ihnen zur\u00fcckzuf\u00fchren ist.<br \/>\n*** Ende der Widerrufsbelehrung ***<\/p>\n<p>ALLGEMEINE HINWEISE:<\/p>\n<p>Das gesetzliche Widerrufsrecht besteht nicht bei Lieferung versiegelter Waren, die aus Gr\u00fcnden des Gesundheitsschutzes oder der Hygiene nicht zur R\u00fcckgabe geeignet sind, wenn ihre Versiegelung nach der Lieferung entfernt wurde.<br \/>\nBitte vermeiden Sie Besch\u00e4digungen und Verunreinigungen der Ware. Senden Sie die Ware bitte m\u00f6glichst in Originalverpackung mit s\u00e4mtlichem Zubeh\u00f6r und mit allen Verpackungsbestandteilen an uns zur\u00fcck. Verwenden Sie ggf. eine sch\u00fctzende Umverpackung. Wenn Sie die Originalverpackung nicht mehr besitzen, sorgen Sie bitte mit einer geeigneten Verpackung f\u00fcr einen ausreichenden Schutz vor Transportsch\u00e4den.<\/p>\n<p>Bitte beachten Sie, dass die Erf\u00fcllung der vorgenannten Bitten nicht Voraussetzung f\u00fcr die wirksame Aus\u00fcbung des Widerrufsrechts ist.<\/p>\n<p><br \/>\n<\/p>\n<h4 class=\"wp-block-heading\">3. VERTRAGSSCHLUSS<\/h4>\n<p>(1) Die Darstellung der Produkte im Online-Shop stellt kein rechtlich bindendes Angebot, sondern einen unverbindlichen Online-Katalog dar. Durch Anklicken des Buttons [\u201ezahlungspflichtig bestellen\u201d \u201c]geben Sie eine verbindliche Bestellung der im Warenkorb enthaltenen Waren ab.<br \/>\n(2) Die Best\u00e4tigung des Eingangs Ihrer Bestellung erfolgt zusammen mit der Annahme der Bestellung unmittelbar nach dem Absenden durch automatisierte E-Mail. Mit dieser E-Mail- Best\u00e4tigung ist der Kaufvertrag zustande gekommen.<\/p>\n<p>(3) Wir speichern den Vertragstext und senden Ihnen die Bestelldaten und unsere AGB per E-Mail zu. Ihre Bestelldaten sind aus Sicherheitsgr\u00fcnden nicht mehr \u00fcber das Internet zug\u00e4nglich.<\/p>\n<p><br \/>\n<\/p>\n<h4 class=\"wp-block-heading\">4. DURCHF\u00dcHRUNG DES VERTRAGS<\/h4>\n<p>Auslieferung<\/p>\n<p>Soweit die Bestellung best\u00e4tigt worden ist, wird Bon Vivant diese bei vereinbarter Vorkasse innerhalb von maximal 4 Werktagen nach Zahlungseingang, ansonsten innerhalb von maximal 4 Werktagen nach Eingang der Bestellung ausliefern, sofern bei den einzelnen Produkten nicht abweichende Lieferzeiten angegeben sind.<\/p>\n<p>Bon Vivant ist berechtigt, eine in Qualit\u00e4t und Preis gleichwertige Ware zu liefern, wenn die bestellte Ware nicht verf\u00fcgbar ist und der Kunde seine Zustimmung zu diesem Verfahren erkl\u00e4rt hat.<\/p>\n<p>Verpackungen, Verpackungsmaterial<\/p>\n<p>Wir sind entsprechend den Regelungen der Verpackungsverordnung verpflichtet, an einem f\u00fcr das Recycling von Verpackungsmaterial zertifizierten Betrieb des sog. dualen Systems angeschlossen zu sein.<\/p>\n<p>Verbraucher haben die M\u00f6glichkeit, die Verpackung in die Altpapiersammlung zu geben, zusammen mit alten Tageszeitungen usw. Notwendige stofffremde Anhaftungen, beispielsweise Klebeb\u00e4nder, Etiketten und der geringe Folienanteil, st\u00f6ren den Recycling-Prozess nicht.<\/p>\n<p><br \/>\n<\/p>\n<h4 class=\"wp-block-heading\">5. ZAHLUNGSBEDINGUNGEN<\/h4>\n<p>(1) Bon Vivant stellt dem Kunden f\u00fcr die bestellte Ware eine Rechnung aus, die ihm per E-Mail verschickt wird, sofern die entsprechenden Angaben nicht bereits in der Best\u00e4tigungs-E-Mail enthalten sind. Auf die \u00dcbersendung einer Rechnung in Papierform verzichtet der Kunde.<\/p>\n<p>Bon Vivant liefert gegen Kreditkarte, PayPal, Sofort\u00fcberweisung oder Bank\u00fcberweisung. Der Kaufpreis ist innerhalb der auf der Rechnung genannten Frist zur Zahlung f\u00e4llig.<\/p>\n<p>Die Zahlungen werden sicher \u00fcber unseren Zahlungsdienstleister ausgef\u00fchrt, der Ihnen die verschiedenen Zahlungsm\u00f6glichkeiten anbietet. Einzelheiten hinsichtlich der Erfassung und Verwertung Ihrer Zahlungsdaten finden Sie in der Datenschutzerkl\u00e4rung.<\/p>\n<p>In Abh\u00e4ngigkeit von dem Ergebnis einer Bonit\u00e4tspr\u00fcfung behalten wir uns vor, gewisse Zahlarten nicht anzubieten und auf unsere anderen Zahlarten zu verweisen.<\/p>\n<p>Bei Auswahl der Zahlungsart Bankeinzug (Lastschrift) und der \u00dcbermittlung der Bankverbindungsdaten des Kunden wird der Verk\u00e4ufer widerruflich erm\u00e4chtigt, den Rechnungsbetrag von dem angegebenen Konto des Kunden einzuziehen. Wird die Lastschrift mangels ausreichender Kontodeckung oder aufgrund der Angabe einer falschen Bankverbindung nicht eingel\u00f6st oder widerspricht der Kunde der Abbuchung, obwohl er hierzu nicht berechtigt ist, hat der Kunde die durch die R\u00fcckbuchung des jeweiligen Kreditinstituts entstehenden Geb\u00fchren zu tragen, wenn er dies zu vertreten hat. Die Belastung Ihres Kontos erfolgt mit Abschluss der Bestellung. Wenn Sie der Lastschrift widersprechen m\u00f6chten, bitten wir Sie, mit uns entweder telefonisch oder per E-Mail Kontakt aufzunehmen.<\/p>\n<p>Vorauszahlungen oder Auftr\u00e4ge zur Abbuchung von Kreditkarten werden bei der Rechnungsstellung ber\u00fccksichtigt.<\/p>\n<p>Die Belastung Ihres Kreditkartenkontos erfolgt mit Abschluss der Bestellung.<\/p>\n<p>(3) Bei Zahlungsverzug ist der Kunde, der Verbraucher ist, verpflichtet, Verzugszinsen in H\u00f6he von 5 % \u00fcber dem Basiszinssatz an Bon Vivant zu bezahlen, es sei denn, dass Bon Vivant einen h\u00f6heren Zinssatz nachweisen kann. Bei Kunden, die Unternehmer sind, gilt Satz 1 mit der Ma\u00dfgabe, dass der Verzugszinssatz 8 % \u00fcber dem Basiszinssatz betr\u00e4gt.<\/p>\n<p><br \/>\n<\/p>\n<h4 class=\"wp-block-heading\">6. GEW\u00c4HRLEISTUNG UND HAFTUNG<\/h4>\n<p>(1) M\u00e4ngel bez\u00fcglich des Produkts wird der Kunde Bon Vivant mitteilen und zus\u00e4tzlich das Produkt auf Kosten von Bon Vivant \u00fcbersenden.<\/p>\n<p>Die Gew\u00e4hrleistung des Anbieters richtet sich nach \u00a7\u00a7 433 ff. BGB und betr\u00e4gt bei neuen Waren gegen\u00fcber Verbrauchern 2 Jahre vom Empfang der Ware an. Im unternehmerischen Gesch\u00e4ftsverkehr sowie (auch bei Verbrauchern) bei gebrauchten Waren) ist die Gew\u00e4hrleistung auf ein Jahr begrenzt und Bon Vivant ist berechtigt, das Produkt nach ihrer Wahl zu reparieren oder kostenfreien Ersatz zu stellen.<\/p>\n<p>(2) Bon Vivant innerhalb von 90 Tagen ab Bestellbest\u00e4tigung nicht geliefert haben, kann der Kunde den Vertrag ohne Einhaltung einer Frist k\u00fcndigen, ohne Bon Vivant zuvor in Verzug gesetzt zu haben. Weitere Rechte und Anspr\u00fcche des Kunden bleiben unber\u00fchrt.<\/p>\n<p>(3) Bon Vivant haftet<br \/>\n? in voller Schadensh\u00f6he bei grobem Verschulden ihrer Organe und leitenden Angestellten,<br \/>\n? dem Grunde nach bei jeder schuldhaften Verletzung wesentlicher Vertragspflichten,<br \/>\n? au\u00dferhalb solcher Pflichten dem Grunde nach auch f\u00fcr grobes Verschulden einfacher Erf\u00fcllungsgehilfen, es sei denn, Bon Vivant kann sich kraft Handelsbrauch davon freizeichnen,<br \/>\n? der H\u00f6he nach in den letzten beiden Fallgruppen auf Ersatz des typischen vorhersehbaren Schadens. Ein Mitverschulden des Kunden ist diesem anzurechnen.<br \/>\nDie Haftung wegen Vorsatz, Garantie, Arglist und f\u00fcr Gesundheits- und Personensch\u00e4den sowie nach dem Produkthaftungsgesetz bleibt hiervon unber\u00fchrt.<\/p>\n<p>Warnung<\/p>\n<p>GEFAHR: Fl\u00fcssigkeit und Dampf leicht entz\u00fcndbar. Kann allergische Hautreaktionen verursachen. Verursacht schwere Augenreizung. Sch\u00e4dlich f\u00fcr Wasserorganismen, mit langfristiger Wirkung. Darf nicht in die H\u00e4nde von Kindern gelangen. Von Hitze, hei\u00dfen Oberfl\u00e4chen, Funken, offenen Flammen und anderen Z\u00fcndquellen fernhalten. Nicht rauchen. Freisetzung in die Umwelt vermeiden. BEI BER\u00dcHRUNG MIT DER HAUT: Mit viel Wasser\/ Seife waschen. BEI KONTAKT MIT<\/p>\n<p>DEN AUGEN: Einige Minuten lang behutsam mit Wasser sp\u00fclen. Eventuell vorhandene Kontaktlinsen nach M\u00f6glichkeit entfernen. Weiter sp\u00fclen. Inhalt\/Beh\u00e4lter einer zugelassenen Entsorgungsanlage zuf\u00fchren. Kontakt des Dufts mit M\u00f6beln, Leder und beschichtetem Holz vermeiden. Bei auslaufen oder versch\u00fctten von Fl\u00fcssigkeit sofort reinigen. ENTH\u00c4LT: 4-Tert- Butylcyclohexyl Acetate; 1-(1,2,3,4,5,6,7,8-Octahydro-2,3,8,8-Tetramethyl-2- Naphthalenyl)Ethanone; [3R-(3a,3a\u00df,7\u00df,8aa)]-1-(2,3,4,7,8,8a-Hexahydro-3,6,8,8-Te- tramethyl-1H-3a,7-Methanoazulen-5-Yl)Ethan-1-One; Pentadecan-15-Olide; 3,4,5,6,6- Pentamethylhept-3-En-2-One; 1,2,3,5,6,7-Hexahydro-1,1,2,3,3-Pentameth-yl-4H-Inden-4-One; Benzyl Salicylate.<\/p>\n<p><br \/>\n<\/p>\n<h4 class=\"wp-block-heading\">7. H\u00d6HERE GEWALT<\/h4>\n<p>(1) F\u00fcr den Fall, dass Bon Vivant die geschuldete Leistung aufgrund h\u00f6herer Gewalt (insbesondere Krieg, Naturkatastrophen) nicht erbringen kann, ist sie f\u00fcr die Dauer der Verhinderung von ihren Leistungspflichten befreit.<br \/>\n(2) Ist Bon Vivant die Ausf\u00fchrung der Bestellung bzw. Lieferung der Ware l\u00e4nger als einen Monat aufgrund h\u00f6herer Gewalt unm\u00f6glich, so ist der Kunde zum R\u00fccktritt vom Vertrag berechtigt.<\/p>\n<p><br \/>\n<\/p>\n<h4 class=\"wp-block-heading\">8. DATENSCHUTZ<\/h4>\n<p>Bon Vivant wird s\u00e4mtliche datenschutzrechtlichen Erfordernisse, insbesondere die Vorgaben des Telemediengesetzes, beachten. N\u00e4heres kann der Datenschutzerkl\u00e4rung entnommen werden. Sofern wir in Vorleistung treten oder f\u00fcr Unternehmen gegen Rechnung liefern, behalten wir uns zur Wahrung unserer berechtigten Interessen vor, ggf. eine Bonit\u00e4tsauskunft einzuholen. Ihre schutzw\u00fcrdigen Belange werden gem\u00e4\u00df den gesetzlichen Bestimmungen ber\u00fccksichtigt. Eine Weitergabe der hierf\u00fcr ben\u00f6tigten Daten an sonstige Dritte erfolgt nicht. N\u00e4heres entnehmen Sie bitte der Datenschutzerkl\u00e4rung.<\/p>\n<p><br \/>\n<\/p>\n<h4 class=\"wp-block-heading\">9. SCHLUSSBESTIMMUNGEN<\/h4>\n<p>(1) Vertragssprache ist Deutsch.<br \/>\n(2) Sollte eine Bestimmung dieser Bedingungen nichtig sein oder werden, so tritt an ihre Stelle die gesetzliche Regelung.<\/p>\n[\/vc_column_text][\/vc_column][\/vc_row]\n","protected":false},"excerpt":{"rendered":"<p>[vc_row type=&#187;in_container&#187; full_screen_row_position=&#187;middle&#187; column_margin=&#187;default&#187; column_direction=&#187;default&#187; column_direction_tablet=&#187;default&#187; column_direction_phone=&#187;default&#187; scene_position=&#187;center&#187; text_color=&#187;dark&#187; text_align=&#187;left&#187; row_border_radius=&#187;none&#187; row_border_radius_applies=&#187;bg&#187; overflow=&#187;visible&#187; overlay_strength=&#187;0.3&#8243; gradient_direction=&#187;left_to_right&#187; shape_divider_position=&#187;bottom&#187; bg_image_animation=&#187;none&#187;][vc_column column_padding=&#187;padding-5-percent&#187; column_padding_tablet=&#187;inherit&#187; column_padding_phone=&#187;inherit&#187; column_padding_position=&#187;all&#187; column_element_direction_desktop=&#187;default&#187; column_element_spacing=&#187;default&#187; desktop_text_alignment=&#187;default&#187; tablet_text_alignment=&#187;default&#187; phone_text_alignment=&#187;default&#187; background_color_opacity=&#187;1&#8243; background_hover_color_opacity=&#187;1&#8243; column_backdrop_filter=&#187;none&#187; column_shadow=&#187;none&#187;&#8230;<\/p>\n","protected":false},"author":1,"featured_media":0,"parent":0,"menu_order":0,"comment_status":"closed","ping_status":"closed","template":"","meta":{"inline_featured_image":false,"footnotes":""},"class_list":["post-1849","page","type-page","status-publish"],"jetpack_sharing_enabled":true,"_links":{"self":[{"href":"https:\/\/bonvivant-suisse.ch\/index.php?rest_route=\/wp\/v2\/pages\/1849","targetHints":{"allow":["GET"]}}],"collection":[{"href":"https:\/\/bonvivant-suisse.ch\/index.php?rest_route=\/wp\/v2\/pages"}],"about":[{"href":"https:\/\/bonvivant-suisse.ch\/index.php?rest_route=\/wp\/v2\/types\/page"}],"author":[{"embeddable":true,"href":"https:\/\/bonvivant-suisse.ch\/index.php?rest_route=\/wp\/v2\/users\/1"}],"replies":[{"embeddable":true,"href":"https:\/\/bonvivant-suisse.ch\/index.php?rest_route=%2Fwp%2Fv2%2Fcomments&post=1849"}],"version-history":[{"count":4,"href":"https:\/\/bonvivant-suisse.ch\/index.php?rest_route=\/wp\/v2\/pages\/1849\/revisions"}],"predecessor-version":[{"id":1860,"href":"https:\/\/bonvivant-suisse.ch\/index.php?rest_route=\/wp\/v2\/pages\/1849\/revisions\/1860"}],"wp:attachment":[{"href":"https:\/\/bonvivant-suisse.ch\/index.php?rest_route=%2Fwp%2Fv2%2Fmedia&parent=1849"}],"curies":[{"name":"wp","href":"https:\/\/api.w.org\/{rel}","templated":true}]}}