{"id":1845,"date":"2023-06-30T09:56:10","date_gmt":"2023-06-30T09:56:10","guid":{"rendered":"http:\/\/bonvivant-suisse.ch.loopiadns.com\/?page_id=1845"},"modified":"2023-07-05T11:25:48","modified_gmt":"2023-07-05T11:25:48","slug":"impressum","status":"publish","type":"page","link":"https:\/\/bonvivant-suisse.ch\/?page_id=1845","title":{"rendered":"Impressum"},"content":{"rendered":"[vc_row type=&#187;in_container&#187; full_screen_row_position=&#187;middle&#187; column_margin=&#187;default&#187; column_direction=&#187;default&#187; column_direction_tablet=&#187;default&#187; column_direction_phone=&#187;default&#187; scene_position=&#187;center&#187; text_color=&#187;dark&#187; text_align=&#187;left&#187; row_border_radius=&#187;none&#187; row_border_radius_applies=&#187;bg&#187; overflow=&#187;visible&#187; overlay_strength=&#187;0.3&#8243; gradient_direction=&#187;left_to_right&#187; shape_divider_position=&#187;bottom&#187; bg_image_animation=&#187;none&#187;][vc_column column_padding=&#187;padding-5-percent&#187; column_padding_tablet=&#187;inherit&#187; column_padding_phone=&#187;inherit&#187; column_padding_position=&#187;all&#187; column_element_direction_desktop=&#187;default&#187; column_element_spacing=&#187;default&#187; desktop_text_alignment=&#187;default&#187; tablet_text_alignment=&#187;default&#187; phone_text_alignment=&#187;default&#187; background_color_opacity=&#187;1&#8243; background_hover_color_opacity=&#187;1&#8243; column_backdrop_filter=&#187;none&#187; column_shadow=&#187;none&#187; column_border_radius=&#187;none&#187; column_link_target=&#187;_self&#187; column_position=&#187;default&#187; gradient_direction=&#187;left_to_right&#187; overlay_strength=&#187;0.3&#8243; width=&#187;1\/1&#8243; tablet_width_inherit=&#187;default&#187; animation_type=&#187;default&#187; bg_image_animation=&#187;none&#187; border_type=&#187;simple&#187; column_border_width=&#187;none&#187; column_border_style=&#187;solid&#187; column_padding_type=&#187;default&#187; gradient_type=&#187;default&#187;][vc_custom_heading text=&#187;Impressum&#187; font_container=&#187;tag:h1|text_align:left&#187; use_theme_fonts=&#187;yes&#187;][divider line_type=&#187;Small Line&#187; line_alignment=&#187;default&#187; line_thickness=&#187;2&#8243; divider_color=&#187;black&#187; animate=&#187;yes&#187; custom_height=&#187;20&#8243; custom_line_width=&#187;60&#8243;][vc_column_text]Industriestrasse 6, 9220 Bischofszell Schweiz<br \/>Telefon: +41 75 550 50 50<br \/>E-Mail: hello@bonvivant-suisse.ch<\/p>\r\n<p>\r\n\r\n<strong>Registereintrag\u00a0<\/strong><br \/>Eintragung im Handelsregister<br \/>Registergericht: Handelsregisteramt des Kantons Thurgau<\/p>\r\n<p>\r\n\r\n<strong>UID<br \/><\/strong>CHE-302.309.935<\/p>\r\n<p>\r\n\r\n<strong>MWSt.-Nummer<br \/><\/strong>CHE-302.309.935 MWST<\/p>\r\n<p>\r\n\r\nDie nachfolgenden Gesch\u00e4ftsbedingungen sind in deutscher Sprache verfasst und k\u00f6nnen von dem Kunden in seinen Arbeitsspeicher geladen werden. Auf Wunsch k\u00f6nnen sie unter www.bonvivant-suisse.ch unter der E-Mail-Adresse hello@bonvivant.ch in digitaler oder schriftlicher Form angefordert werden. Sie werden dem Kunden zus\u00e4tzlich mit jeder Einkaufsbest\u00e4tigung als PDF-Datei \u00fcbermittelt.<\/p>\r\n[\/vc_column_text][\/vc_column][\/vc_row]","protected":false},"excerpt":{"rendered":"<p>[vc_row type=&#187;in_container&#187; full_screen_row_position=&#187;middle&#187; column_margin=&#187;default&#187; column_direction=&#187;default&#187; column_direction_tablet=&#187;default&#187; column_direction_phone=&#187;default&#187; scene_position=&#187;center&#187; text_color=&#187;dark&#187; text_align=&#187;left&#187; row_border_radius=&#187;none&#187; row_border_radius_applies=&#187;bg&#187; overflow=&#187;visible&#187; overlay_strength=&#187;0.3&#8243; gradient_direction=&#187;left_to_right&#187; shape_divider_position=&#187;bottom&#187; bg_image_animation=&#187;none&#187;][vc_column column_padding=&#187;padding-5-percent&#187; column_padding_tablet=&#187;inherit&#187; column_padding_phone=&#187;inherit&#187; column_padding_position=&#187;all&#187; column_element_direction_desktop=&#187;default&#187; column_element_spacing=&#187;default&#187; desktop_text_alignment=&#187;default&#187; tablet_text_alignment=&#187;default&#187; phone_text_alignment=&#187;default&#187; background_color_opacity=&#187;1&#8243; background_hover_color_opacity=&#187;1&#8243; column_backdrop_filter=&#187;none&#187; column_shadow=&#187;none&#187;&#8230;<\/p>\n","protected":false},"author":2,"featured_media":0,"parent":0,"menu_order":0,"comment_status":"closed","ping_status":"closed","template":"","meta":{"inline_featured_image":false,"footnotes":""},"class_list":["post-1845","page","type-page","status-publish"],"jetpack_sharing_enabled":true,"_links":{"self":[{"href":"https:\/\/bonvivant-suisse.ch\/index.php?rest_route=\/wp\/v2\/pages\/1845","targetHints":{"allow":["GET"]}}],"collection":[{"href":"https:\/\/bonvivant-suisse.ch\/index.php?rest_route=\/wp\/v2\/pages"}],"about":[{"href":"https:\/\/bonvivant-suisse.ch\/index.php?rest_route=\/wp\/v2\/types\/page"}],"author":[{"embeddable":true,"href":"https:\/\/bonvivant-suisse.ch\/index.php?rest_route=\/wp\/v2\/users\/2"}],"replies":[{"embeddable":true,"href":"https:\/\/bonvivant-suisse.ch\/index.php?rest_route=%2Fwp%2Fv2%2Fcomments&post=1845"}],"version-history":[{"count":5,"href":"https:\/\/bonvivant-suisse.ch\/index.php?rest_route=\/wp\/v2\/pages\/1845\/revisions"}],"predecessor-version":[{"id":1896,"href":"https:\/\/bonvivant-suisse.ch\/index.php?rest_route=\/wp\/v2\/pages\/1845\/revisions\/1896"}],"wp:attachment":[{"href":"https:\/\/bonvivant-suisse.ch\/index.php?rest_route=%2Fwp%2Fv2%2Fmedia&parent=1845"}],"curies":[{"name":"wp","href":"https:\/\/api.w.org\/{rel}","templated":true}]}}